{"id":5708,"date":"2023-12-12T08:21:09","date_gmt":"2023-12-12T08:21:09","guid":{"rendered":"https:\/\/homegrade.brussels\/?page_id=5708"},"modified":"2023-12-12T11:24:40","modified_gmt":"2023-12-12T11:24:40","slug":"sitemap","status":"publish","type":"page","link":"https:\/\/homegrade.brussels\/nl\/sitemap\/","title":{"rendered":"Sitemap"},"content":{"rendered":"\r\n<section id=\"\" class=\"block-content-page-header wp-block-homegrade-content-blocks-content-page-header\">\r\n\t<div class=\"block-content-page-header__content\">\r\n\t\t\n<div class=\"wp-block-homegrade-content-blocks-content-page-header innerblocks\"><\/div>\n\t\t\t<\/div>\r\n\r\n\t\t\t<img decoding=\"async\" class=\"block-content-page-header__page-icon block-content-page-header__page-icon--medium \" src=\"https:\/\/homegrade.brussels\/wp-content\/uploads\/2023\/11\/homegrade_declaration-accessibilite.svg\" alt=\"\">\r\n\t\t<\/section>\n\n\r\n<div class=\"homegrade-blocks-sitemap align wp-block-acf-sitemap\">\r\n\t<section class=\"homegrade-blocks-sitemap__primary-menu\">\r\n\t\t<h2>Hoofdmenu<\/h2>\r\n\r\n\t\t<ul id=\"menu-menu-homegrade\" class=\"menu-homegrade--sitemap\"><li id=\"menu-item-67\" class=\"menu-item menu-item-type-post_type menu-item-object-page menu-item-has-children menu-item-67 menu-navlink\"><a href=\"https:\/\/homegrade.brussels\/homegrade\/\">Homegrade<\/a>\n<ul class=\"sub-menu\">\n\t<li id=\"menu-item-71\" class=\"menu-item menu-item-type-post_type menu-item-object-page menu-item-71 menu-navlink\"><a href=\"https:\/\/homegrade.brussels\/homegrade\/qui-sommes-nous\/\">Over ons<\/a><\/li>\n\t<li id=\"menu-item-70\" class=\"menu-item menu-item-type-post_type menu-item-object-page menu-item-70 menu-navlink\"><a href=\"https:\/\/homegrade.brussels\/homegrade\/historique\/\">Historiek<\/a><\/li>\n\t<li id=\"menu-item-69\" class=\"menu-item menu-item-type-post_type menu-item-object-page menu-item-69 menu-navlink\"><a href=\"https:\/\/homegrade.brussels\/homegrade\/transparence\/\">Transparantie<\/a><\/li>\n\t<li id=\"menu-item-68\" class=\"menu-item menu-item-type-post_type menu-item-object-page menu-item-68 menu-navlink\"><a href=\"https:\/\/homegrade.brussels\/homegrade\/lobservatoire-royal-dastronomie\/\">Koninklijke Sterrenwacht<\/a><\/li>\n<\/ul>\n<\/li>\n<li id=\"menu-item-72\" class=\"menu-item menu-item-type-post_type menu-item-object-page menu-item-72 menu-navlink\"><a href=\"https:\/\/homegrade.brussels\/nos-services\/\">Onze diensten<\/a><\/li>\n<li id=\"menu-item-91\" class=\"menu-item menu-item-type-post_type menu-item-object-page menu-item-has-children menu-item-91 menu-navlink\"><a href=\"https:\/\/homegrade.brussels\/collaborations\/\">Samenwerking<\/a>\n<ul class=\"sub-menu\">\n\t<li id=\"menu-item-88\" class=\"menu-item menu-item-type-post_type menu-item-object-page menu-item-88 menu-navlink\"><a href=\"https:\/\/homegrade.brussels\/collaborations\/renolution\/\">RENOLUTION<\/a><\/li>\n\t<li id=\"menu-item-87\" class=\"menu-item menu-item-type-post_type menu-item-object-page menu-item-87 menu-navlink\"><a href=\"https:\/\/homegrade.brussels\/collaborations\/reseau-habitat\/\">Netwerk Wonen<\/a><\/li>\n<\/ul>\n<\/li>\n<li id=\"menu-item-96\" class=\"menu-item menu-item-type-post_type menu-item-object-page menu-item-has-children menu-item-96 menu-navlink\"><a href=\"https:\/\/homegrade.brussels\/professionnels\/\">Professionals<\/a>\n<ul class=\"sub-menu\">\n\t<li id=\"menu-item-98\" class=\"menu-item menu-item-type-post_type menu-item-object-page menu-item-98 menu-navlink\"><a href=\"https:\/\/homegrade.brussels\/professionnels\/ready-to-renov\/\">Ready to Renov<\/a><\/li>\n<\/ul>\n<\/li>\n<li id=\"menu-item-76\" class=\"menu-item menu-item-type-post_type menu-item-object-page menu-item-76 menu-navlink\"><a href=\"https:\/\/homegrade.brussels\/news\/\">News<\/a><\/li>\n<li id=\"menu-item-825\" class=\"menu-item menu-item-type-post_type menu-item-object-page menu-item-825 menu-navlink\"><a href=\"https:\/\/homegrade.brussels\/questions\/\">FAQ<\/a><\/li>\n<li id=\"menu-item-74\" class=\"menu-item menu-item-type-post_type menu-item-object-page menu-item-74 menu-navlink\"><a href=\"https:\/\/homegrade.brussels\/jobs\/\">Jobs<\/a><\/li>\n<li id=\"menu-item-73\" class=\"menu-item menu-item-type-post_type menu-item-object-page menu-item-73 menu-navlink\"><a href=\"https:\/\/homegrade.brussels\/contact\/\">Contact<\/a><\/li>\n<li id=\"menu-item-artisan-du-patrimoine\" class=\"menu-item menu-item-type-post_type menu-item-object-page menu-navlink \"><a href=\"https:\/\/metiersdupatrimoine.homegrade.brussels\/le-repertoire-des-metiers\/\">Vakmensen in het erfgoed<\/a><\/li><li class=\"menu-item menu-item-type-post_type menu-item-object-page menu-navlink\">\n<div role=\"navigation\" aria-label=\"Taalschakelaar\" class=\"wpml-ls-statics-shortcode_actions wpml-ls wpml-ls-legacy-dropdown-click js-wpml-ls-legacy-dropdown-click\">\n\t<ul>\n\n\t\t<li class=\"wpml-ls-slot-shortcode_actions wpml-ls-item wpml-ls-item-nl wpml-ls-current-language wpml-ls-first-item wpml-ls-item-legacy-dropdown-click\">\n\n\t\t\t<a href=\"#\" hreflang=\"\" lang=\"\" class=\"js-wpml-ls-item-toggle wpml-ls-item-toggle\" aria-expanded=\"false\" aria-controls=\"wpml-ls-submenu-click-default\" aria-haspopup=\"true\" aria-label=\"Taalschakelaar, klik om te openen en druk dan op tab om te navigeren\" tabindex=\"0\" role=\"button\" title=\"Overschakelen naar NL (NL)\">\n\t\t\t\t<span class=\"wpml-ls-native\">NL<\/span><\/a>\n\n\t\t\t<ul id=\"wpml-ls-submenu-click-default\" class=\"js-wpml-ls-sub-menu wpml-ls-sub-menu\">\n\t\t\t\t\n\t\t\t\t\t<li class=\"wpml-ls-slot-shortcode_actions wpml-ls-item wpml-ls-item-fr wpml-ls-last-item\">\n\t\t\t\t\t\t<a href=\"https:\/\/homegrade.brussels\/\" hreflang=\"fr\" lang=\"fr\" class=\"wpml-ls-link\" aria-label=\"Overschakelen naar FR (FR)\" title=\"Overschakelen naar FR (FR)\">\n\t\t\t\t\t\t\t<span class=\"wpml-ls-native\">FR<\/span><\/a>\n\t\t\t\t\t<\/li>\n\n\t\t\t\t\t\t\t<\/ul>\n\n\t\t<\/li>\n\n\t<\/ul>\n<\/div>\n<\/li><\/ul>\t<\/section>\r\n\r\n\t<section class=\"homegrade-blocks-sitemap__secondary-menu\">\r\n\t\t<h2>Secundair menu<\/h2>\r\n\t\t<ul id=\"menu-menu-renovateur\" class=\"menu-homegrade--sitemap\"><li id=\"menu-item-168\" class=\"menu-item menu-item-type-post_type menu-item-object-page menu-item-has-children menu-item-168 menu-navlink\"><a href=\"https:\/\/homegrade.brussels\/conseils\/\">Onze adviezen<\/a>\n<ul class=\"sub-menu\">\n\t<li id=\"menu-item-1712\" class=\"menu-item menu-item-type-taxonomy menu-item-object-thematiques menu-item-1712 menu-navlink\"><a href=\"https:\/\/homegrade.brussels\/nl\/questions-thematiques\/isolation\/\">Isolation<\/a><\/li>\n\t<li id=\"menu-item-2752\" class=\"menu-item menu-item-type-taxonomy menu-item-object-thematiques menu-item-2752 menu-navlink\"><a href=\"https:\/\/homegrade.brussels\/nl\/questions-thematiques\/energies\/\">\u00c9nergies<\/a><\/li>\n\t<li id=\"menu-item-20045\" class=\"menu-item menu-item-type-taxonomy menu-item-object-thematiques menu-item-20045 menu-navlink\"><a href=\"https:\/\/homegrade.brussels\/nl\/questions-thematiques\/gerer-ses-travaux\/\">G\u00e9rer ses travaux<\/a><\/li>\n\t<li id=\"menu-item-6031\" class=\"menu-item menu-item-type-taxonomy menu-item-object-thematiques menu-item-6031 menu-navlink\"><a href=\"https:\/\/homegrade.brussels\/nl\/questions-thematiques\/coproprietes\/\">Copropri\u00e9t\u00e9s<\/a><\/li>\n\t<li id=\"menu-item-2757\" class=\"menu-item menu-item-type-taxonomy menu-item-object-thematiques menu-item-2757 menu-navlink\"><a href=\"https:\/\/homegrade.brussels\/nl\/questions-thematiques\/urbanisme\/\">Urbanisme<\/a><\/li>\n\t<li id=\"menu-item-9308\" class=\"menu-item menu-item-type-taxonomy menu-item-object-thematiques menu-item-9308 menu-navlink\"><a href=\"https:\/\/homegrade.brussels\/nl\/questions-thematiques\/acoustique\/\">Acoustique<\/a><\/li>\n\t<li id=\"menu-item-2754\" class=\"menu-item menu-item-type-taxonomy menu-item-object-thematiques menu-item-2754 menu-navlink\"><a href=\"https:\/\/homegrade.brussels\/nl\/questions-thematiques\/location-achat\/\">Location et achat<\/a><\/li>\n\t<li id=\"menu-item-2755\" class=\"menu-item menu-item-type-taxonomy menu-item-object-thematiques menu-item-2755 menu-navlink\"><a href=\"https:\/\/homegrade.brussels\/nl\/questions-thematiques\/patrimoine\/\">Patrimoine<\/a><\/li>\n\t<li id=\"menu-item-7900\" class=\"menu-item menu-item-type-taxonomy menu-item-object-thematiques menu-item-7900 menu-navlink\"><a href=\"https:\/\/homegrade.brussels\/nl\/questions-thematiques\/durabilite\/\">Durabilit\u00e9<\/a><\/li>\n\t<li id=\"menu-item-18511\" class=\"menu-item menu-item-type-taxonomy menu-item-object-thematiques menu-item-18511 menu-navlink\"><a href=\"https:\/\/homegrade.brussels\/nl\/questions-thematiques\/sante-securite-salubrite\/\">Sant\u00e9, s\u00e9curit\u00e9 et salubrit\u00e9<\/a><\/li>\n\t<li id=\"menu-item-11357\" class=\"menu-item menu-item-type-taxonomy menu-item-object-thematiques menu-item-11357 menu-navlink\"><a href=\"https:\/\/homegrade.brussels\/nl\/questions-thematiques\/au-quotidien\/\">Au quotidien<\/a><\/li>\n<\/ul>\n<\/li>\n<li id=\"menu-item-169\" class=\"menu-item menu-item-type-post_type menu-item-object-page menu-item-has-children menu-item-169 menu-navlink\"><a href=\"https:\/\/homegrade.brussels\/aides-financieres\/\">Financi\u00eble steun<\/a>\n<ul class=\"sub-menu\">\n\t<li id=\"menu-item-572\" class=\"menu-item menu-item-type-post_type menu-item-object-page menu-item-572 menu-navlink\"><a href=\"https:\/\/homegrade.brussels\/aides-financieres\/primes-incitants-financiers\/\">Premies en financi\u00eble incentives<\/a><\/li>\n\t<li id=\"menu-item-573\" class=\"menu-item menu-item-type-post_type menu-item-object-page menu-item-573 menu-navlink\"><a href=\"https:\/\/homegrade.brussels\/aides-financieres\/credit-ecoreno\/\">ECORENO-krediet<\/a><\/li>\n<\/ul>\n<\/li>\n<li id=\"menu-item-170\" class=\"menu-item menu-item-type-post_type menu-item-object-page menu-item-170 menu-navlink\"><a href=\"https:\/\/homegrade.brussels\/publications\/\">Onze publicaties<\/a><\/li>\n<\/ul>\r\n\r\n\t<\/section>\r\n\r\n\r\n\r\n<\/div>","protected":false},"excerpt":{"rendered":"","protected":false},"author":1,"featured_media":0,"parent":0,"menu_order":0,"comment_status":"closed","ping_status":"closed","template":"","meta":{"_acf_changed":false,"footnotes":""},"class_list":["post-5708","page","type-page","status-publish","hentry"],"acf":{"page_illustration":5475,"page_icon":""},"_links":{"self":[{"href":"https:\/\/homegrade.brussels\/nl\/wp-json\/wp\/v2\/pages\/5708","targetHints":{"allow":["GET"]}}],"collection":[{"href":"https:\/\/homegrade.brussels\/nl\/wp-json\/wp\/v2\/pages"}],"about":[{"href":"https:\/\/homegrade.brussels\/nl\/wp-json\/wp\/v2\/types\/page"}],"author":[{"embeddable":true,"href":"https:\/\/homegrade.brussels\/nl\/wp-json\/wp\/v2\/users\/1"}],"replies":[{"embeddable":true,"href":"https:\/\/homegrade.brussels\/nl\/wp-json\/wp\/v2\/comments?post=5708"}],"version-history":[{"count":3,"href":"https:\/\/homegrade.brussels\/nl\/wp-json\/wp\/v2\/pages\/5708\/revisions"}],"predecessor-version":[{"id":21764,"href":"https:\/\/homegrade.brussels\/nl\/wp-json\/wp\/v2\/pages\/5708\/revisions\/21764"}],"wp:attachment":[{"href":"https:\/\/homegrade.brussels\/nl\/wp-json\/wp\/v2\/media?parent=5708"}],"curies":[{"name":"wp","href":"https:\/\/api.w.org\/{rel}","templated":true}]}}