{"id":6818,"date":"2024-03-04T15:30:09","date_gmt":"2024-03-04T15:30:09","guid":{"rendered":"https:\/\/homegrade.brussels\/pagetestpourtamorienavoiricibyegrlbye\/"},"modified":"2024-05-28T14:25:23","modified_gmt":"2024-05-28T14:25:23","slug":"pagetestpourtamorienavoiricibyegrlbye","status":"publish","type":"page","link":"https:\/\/homegrade.brussels\/nl\/pagetestpourtamorienavoiricibyegrlbye\/","title":{"rendered":"page test pour Tamo"},"content":{"rendered":"\n<p><\/p>\n\n\n\r\n<section id=\"\" class=\"block-content-page-header wp-block-homegrade-content-blocks-content-page-header\">\r\n\t<div class=\"block-content-page-header__content\">\r\n\t\t\n\n<div class=\"wp-block-homegrade-content-blocks-section-titling section_titling section_titling--left\">\n<h1 class=\"wp-block-heading section_titling__title\"><\/h1>\n\n\n\n<p class=\"section_titling__subtitle\">Vous \u00eates dev et vous avez un form \u00e0 tester ? <\/p>\n<\/div>\n\n\n\n<p>Remplissez le formulaire ci-dessous, et notre \u00e9quipe vous recontactera pour r\u00e9pondre \u00e0 vos questions et vous inscrire sur la liste \u00ab <a href=\"https:\/\/homegrade.brussels\/nl\/professionals\/ready-to-renov\/\" data-type=\"page\" data-id=\"92\">Ready to Renov<\/a> \u00bb.<br><br>V\u00e9rifiez que vous remplissez les conditions requises pour postuler dans la <a href=\"https:\/\/homegrade.brussels\/nl\/professionals\/ready-to-renov\/verbintenishandvest\/\" data-type=\"page\" data-id=\"3260\">Charte d\u2019engagement<\/a>, et signez-la.<\/p>\n\n\t\t\t<\/div>\r\n\r\n\t\t<\/section>\n\n\n\n\n<section class=\"wp-block-homegrade-content-blocks-content-box homegrade-content-blocks-content-box homegrade-content-blocks-content-box--gray\" style=\"background-color:#F5F5F5\">\n<div class=\"wp-block-homegrade-content-blocks-section-titling section_titling section_titling--left\">\n<h3 class=\"wp-block-heading section_titling__title\">Titel van je sectie<\/h3>\n\n\n\n<p class=\"section_titling__subtitle\">Dit is een sectie voor Tamo om het formulier aan toe te voegen<\/p>\n<\/div>\n<\/section>\n\n\n\n<section>\n<iframe id=\"iframeWordpress\"\nsrc=\"https:\/\/hgcrm.front.banlieues.be\/demande\/web\/wordpress\/nl\/0\" width=\"100%\" height=\"720\" title=\"Contactformulier\" scrolling=\"no\" frameborder=\"0\" style=\"flex-grow: 1;\" sandbox=\"allow-same-origin allow-forms allow-scripts\"><\/iframe>\n<\/section>\n<script src=\"https:\/\/hgcrm.front.banlieues.be\/assets\/js\/iframe.js\"><\/script>\n","protected":false},"excerpt":{"rendered":"","protected":false},"author":2,"featured_media":0,"parent":0,"menu_order":0,"comment_status":"closed","ping_status":"closed","template":"","meta":{"_acf_changed":false,"footnotes":""},"class_list":["post-6818","page","type-page","status-publish","hentry"],"acf":{"page_illustration":"","page_icon":""},"_links":{"self":[{"href":"https:\/\/homegrade.brussels\/nl\/wp-json\/wp\/v2\/pages\/6818","targetHints":{"allow":["GET"]}}],"collection":[{"href":"https:\/\/homegrade.brussels\/nl\/wp-json\/wp\/v2\/pages"}],"about":[{"href":"https:\/\/homegrade.brussels\/nl\/wp-json\/wp\/v2\/types\/page"}],"author":[{"embeddable":true,"href":"https:\/\/homegrade.brussels\/nl\/wp-json\/wp\/v2\/users\/2"}],"replies":[{"embeddable":true,"href":"https:\/\/homegrade.brussels\/nl\/wp-json\/wp\/v2\/comments?post=6818"}],"version-history":[{"count":4,"href":"https:\/\/homegrade.brussels\/nl\/wp-json\/wp\/v2\/pages\/6818\/revisions"}],"predecessor-version":[{"id":7535,"href":"https:\/\/homegrade.brussels\/nl\/wp-json\/wp\/v2\/pages\/6818\/revisions\/7535"}],"wp:attachment":[{"href":"https:\/\/homegrade.brussels\/nl\/wp-json\/wp\/v2\/media?parent=6818"}],"curies":[{"name":"wp","href":"https:\/\/api.w.org\/{rel}","templated":true}]}}